{"id":16,"date":"2016-06-22T11:29:22","date_gmt":"2016-06-22T09:29:22","guid":{"rendered":"http:\/\/zlgenossenschaft.org\/?page_id=16"},"modified":"2024-11-16T14:52:09","modified_gmt":"2024-11-16T13:52:09","slug":"zusammenleben-e-g","status":"publish","type":"page","link":"https:\/\/zlgenossenschaft.org\/?page_id=16","title":{"rendered":"\u00dcber uns"},"content":{"rendered":"<p>Die ZusammenLeben eG ist ein genossenschaftliches Wohnprojekt in Leipzig-Connewitz. Das Wohnhaus in der D\u00f6litzer Stra\u00dfe 26 wurde gekauft und mit Blick auf individuelle Bed\u00fcrfnisse der Bewohner_innen, Energieeffizienz und Altersgerechtigkeit saniert. Entstanden sind abgeschlossene Wohneinheiten mit individuellem Zuschnitt, die unterschiedlichen Formen des Zusammenlebens Raum geben, und gemeinschaftlich nutzbare R\u00e4ume.<\/p>\n<p>Im Erdgeschoss sind B\u00fcror\u00e4ume eingerichtet und ein Genossenschaftsraum steht f\u00fcr eine Nutzung als Treffpunkt f\u00fcr Initiativen und als Veranstaltungsraum zur Verf\u00fcgung. Die Entscheidungsfindung, auch \u00fcber Nutzungsanfragen, erfolgt in einem basisdemokratischen Genossenschaftsplenum.<\/p>\n","protected":false},"excerpt":{"rendered":"<p>Die ZusammenLeben eG ist ein genossenschaftliches Wohnprojekt in Leipzig-Connewitz. Das Wohnhaus in der D\u00f6litzer Stra\u00dfe 26 wurde gekauft und mit Blick auf individuelle Bed\u00fcrfnisse der Bewohner_innen, Energieeffizienz und Altersgerechtigkeit saniert. Entstanden sind abgeschlossene Wohneinheiten mit individuellem Zuschnitt, die unterschiedlichen Formen des Zusammenlebens Raum geben, und gemeinschaftlich nutzbare R\u00e4ume. Im Erdgeschoss sind B\u00fcror\u00e4ume eingerichtet und ein [&hellip;]<\/p>\n","protected":false},"author":1,"featured_media":0,"parent":0,"menu_order":1,"comment_status":"closed","ping_status":"closed","template":"","meta":{"footnotes":""},"class_list":["post-16","page","type-page","status-publish","hentry","post-preview"],"_links":{"self":[{"href":"https:\/\/zlgenossenschaft.org\/index.php?rest_route=\/wp\/v2\/pages\/16","targetHints":{"allow":["GET"]}}],"collection":[{"href":"https:\/\/zlgenossenschaft.org\/index.php?rest_route=\/wp\/v2\/pages"}],"about":[{"href":"https:\/\/zlgenossenschaft.org\/index.php?rest_route=\/wp\/v2\/types\/page"}],"author":[{"embeddable":true,"href":"https:\/\/zlgenossenschaft.org\/index.php?rest_route=\/wp\/v2\/users\/1"}],"replies":[{"embeddable":true,"href":"https:\/\/zlgenossenschaft.org\/index.php?rest_route=%2Fwp%2Fv2%2Fcomments&post=16"}],"version-history":[{"count":6,"href":"https:\/\/zlgenossenschaft.org\/index.php?rest_route=\/wp\/v2\/pages\/16\/revisions"}],"predecessor-version":[{"id":114,"href":"https:\/\/zlgenossenschaft.org\/index.php?rest_route=\/wp\/v2\/pages\/16\/revisions\/114"}],"wp:attachment":[{"href":"https:\/\/zlgenossenschaft.org\/index.php?rest_route=%2Fwp%2Fv2%2Fmedia&parent=16"}],"curies":[{"name":"wp","href":"https:\/\/api.w.org\/{rel}","templated":true}]}}