{"id":44,"date":"2016-06-22T11:45:16","date_gmt":"2016-06-22T09:45:16","guid":{"rendered":"http:\/\/zlgenossenschaft.org\/?page_id=44"},"modified":"2024-11-16T14:52:23","modified_gmt":"2024-11-16T13:52:23","slug":"bueroladen","status":"publish","type":"page","link":"https:\/\/zlgenossenschaft.org\/?page_id=44","title":{"rendered":"Veranstaltungsraum mieten"},"content":{"rendered":"<p>Im Haus der Genossenschaft ZusammenLeben befindet sich im Erdgeschoss ein Eckladen, der Platz f\u00fcr verschiedene Veranstaltungen und Zusammentreffen bietet.<\/p>\n<p>Der Raum hat eine Grundfl\u00e4che von knapp 40m\u00b2. Mit seiner Einrahmung durch eine gro\u00dfe Fensterfront und der Teilung des Raumes (28m\u00b2) mit einem Podest (10m\u00b2) entsteht eine besondere Atmosph\u00e4re, die f\u00fcr verschiedenste Anl\u00e4sse geeignet ist, wie z.B. Lesungen, Vereinsversammlungen, Plena, kleinere Konzerte, Ausstellungen und Anderes. Je nach Veranstaltungsart hat der Raum eine Kapazit\u00e4t von 20 \u2013 40 Personen. In den Laden integriert sind eine kleine vollausgestattete K\u00fcche und ein WC. Ein Beamer und eine Leinwand k\u00f6nnen nach Absprache zur Verf\u00fcgung gestellt werden. Der Raum ist nicht barrierefrei.<\/p>\n<p>Wir m\u00f6chten mit dem Laden zur Belebung des Stadtteiles beitragen und kulturellen sowie k\u00fcnstlerischen Ideen Raum geben.<\/p>\n<p>Wenn ihr Ideen und W\u00fcnsche habt, schreibt uns gerne an und wir schauen, ob und zu welchen Konditionen sich eure Idee umsetzen l\u00e4sst: <a href=\"mailto:laden@zlgenossenschaft.org\">laden [at] zlgenossenschaft [punkt] org<\/a>.<\/p>\n<p>Im Expos\u00e9 sind alle relevanten Informationen zu finden:<\/p>\n\n\n<div class=\"wp-block-file\"><a href=\"https:\/\/zlgenossenschaft.org\/wp-content\/uploads\/2019\/06\/Expose\u0301-Laden.pdf\">Expos\u00e9 Ladenraum (PDF)<\/a><a href=\"https:\/\/zlgenossenschaft.org\/wp-content\/uploads\/2019\/06\/Expose\u0301-Laden.pdf\" class=\"wp-block-file__button\" download>Herunterladen<\/a><\/div>\n\n\n\n<p><\/p>\n","protected":false},"excerpt":{"rendered":"<p>Im Haus der Genossenschaft ZusammenLeben befindet sich im Erdgeschoss ein Eckladen, der Platz f\u00fcr verschiedene Veranstaltungen und Zusammentreffen bietet. Der Raum hat eine Grundfl\u00e4che von knapp 40m\u00b2. Mit seiner Einrahmung durch eine gro\u00dfe Fensterfront und der Teilung des Raumes (28m\u00b2) mit einem Podest (10m\u00b2) entsteht eine besondere Atmosph\u00e4re, die f\u00fcr verschiedenste Anl\u00e4sse geeignet ist, wie [&hellip;]<\/p>\n","protected":false},"author":1,"featured_media":0,"parent":0,"menu_order":3,"comment_status":"closed","ping_status":"closed","template":"","meta":{"footnotes":""},"class_list":["post-44","page","type-page","status-publish","hentry","post-preview"],"_links":{"self":[{"href":"https:\/\/zlgenossenschaft.org\/index.php?rest_route=\/wp\/v2\/pages\/44","targetHints":{"allow":["GET"]}}],"collection":[{"href":"https:\/\/zlgenossenschaft.org\/index.php?rest_route=\/wp\/v2\/pages"}],"about":[{"href":"https:\/\/zlgenossenschaft.org\/index.php?rest_route=\/wp\/v2\/types\/page"}],"author":[{"embeddable":true,"href":"https:\/\/zlgenossenschaft.org\/index.php?rest_route=\/wp\/v2\/users\/1"}],"replies":[{"embeddable":true,"href":"https:\/\/zlgenossenschaft.org\/index.php?rest_route=%2Fwp%2Fv2%2Fcomments&post=44"}],"version-history":[{"count":5,"href":"https:\/\/zlgenossenschaft.org\/index.php?rest_route=\/wp\/v2\/pages\/44\/revisions"}],"predecessor-version":[{"id":100,"href":"https:\/\/zlgenossenschaft.org\/index.php?rest_route=\/wp\/v2\/pages\/44\/revisions\/100"}],"wp:attachment":[{"href":"https:\/\/zlgenossenschaft.org\/index.php?rest_route=%2Fwp%2Fv2%2Fmedia&parent=44"}],"curies":[{"name":"wp","href":"https:\/\/api.w.org\/{rel}","templated":true}]}}